{"id":25643,"date":"2025-03-18T20:37:12","date_gmt":"2025-03-18T19:37:12","guid":{"rendered":"https:\/\/www.eresrelocation.com\/odber\/"},"modified":"2026-05-04T15:24:25","modified_gmt":"2026-05-04T13:24:25","slug":"odber","status":"publish","type":"page","link":"https:\/\/www.eresrelocation.com\/cs\/odber\/","title":{"rendered":"Odb\u011br"},"content":{"rendered":"\t\t<div data-elementor-type=\"wp-page\" data-elementor-id=\"25643\" class=\"elementor elementor-25643\" data-elementor-post-type=\"page\">\n\t\t\t\t<div class=\"elementor-element elementor-element-7f958d60 e-con-full e-flex e-con e-parent\" data-id=\"7f958d60\" data-element_type=\"container\" data-e-type=\"container\">\n\t\t<div class=\"elementor-element elementor-element-54a1134a e-con-full e-flex e-con e-child\" data-id=\"54a1134a\" data-element_type=\"container\" data-e-type=\"container\">\n\t\t<div class=\"elementor-element elementor-element-65d82e0e small-des e-flex e-con-boxed e-con e-child\" data-id=\"65d82e0e\" data-element_type=\"container\" data-e-type=\"container\">\n\t\t\t\t\t<div class=\"e-con-inner\">\n\t\t<div class=\"elementor-element elementor-element-553b1595 e-con-full e-flex e-con e-child\" data-id=\"553b1595\" data-element_type=\"container\" data-e-type=\"container\">\n\t\t<div class=\"elementor-element elementor-element-680bdd99 e-con-full e-flex e-con e-child\" data-id=\"680bdd99\" data-element_type=\"container\" data-e-type=\"container\">\n\t\t\t\t<div class=\"elementor-element elementor-element-5f54a8f9 elementor-widget elementor-widget-heading\" data-id=\"5f54a8f9\" data-element_type=\"widget\" data-e-type=\"widget\" data-widget_type=\"heading.default\">\n\t\t\t\t<div class=\"elementor-widget-container\">\n\t\t\t\t\t<h1 class=\"elementor-heading-title elementor-size-default\">Z\u00edskejte nejnov\u011bj\u0161\u00ed informace p\u0159\u00edmo do sv\u00e9 e-mailov\u00e9 schr\u00e1nky!<\/h1>\t\t\t\t<\/div>\n\t\t\t\t<\/div>\n\t\t\t\t<div class=\"elementor-element elementor-element-674928bd cust-desc elementor-widget elementor-widget-elementskit-heading\" data-id=\"674928bd\" data-element_type=\"widget\" data-e-type=\"widget\" data-widget_type=\"elementskit-heading.default\">\n\t\t\t\t<div class=\"elementor-widget-container\">\n\t\t\t\t\t<div class=\"ekit-wid-con\" ><div class=\"ekit-heading elementskit-section-title-wraper text_left   ekit_heading_tablet-   ekit_heading_mobile-\"><h5 class=\"ekit-heading--title elementskit-section-title \">P\u0159ihlaste se k odb\u011bru na\u0161eho m\u011bs\u00ed\u010dn\u00edho newsletteru a z\u00edskejte aktu\u00e1ln\u00ed trendy, novinky a odborn\u00e9 tipy z oblasti glob\u00e1ln\u00ed mobility.<\/h5><\/div><\/div>\t\t\t\t<\/div>\n\t\t\t\t<\/div>\n\t\t<div class=\"elementor-element elementor-element-e8afe7f e-con-full e-flex e-con e-child\" data-id=\"e8afe7f\" data-element_type=\"container\" data-e-type=\"container\">\n\t\t\t\t<div class=\"elementor-element elementor-element-45518b85 elementor-widget elementor-widget-shortcode\" data-id=\"45518b85\" data-element_type=\"widget\" data-e-type=\"widget\" data-widget_type=\"shortcode.default\">\n\t\t\t\t<div class=\"elementor-widget-container\">\n\t\t\t\t\t\t\t<div class=\"elementor-shortcode\">\t\t\t\t\t<script type=\"text\/javascript\">\n\t\t\t\t\t\tvar gCaptchaSibWidget;\n                        var onloadSibCallbackInvisible = function () {\n\n                            var element = document.getElementsByClassName('sib-default-btn');\n                            var countInvisible = 0;\n                            var indexArray = [];\n                            jQuery('.sib-default-btn').each(function (index, el) {\n                                if ((jQuery(el).attr('id') == \"invisible\")) {\n                                    indexArray[countInvisible] = index;\n                                    countInvisible++\n                                }\n                            });\n\n                            jQuery('.invi-recaptcha').each(function (index, el) {\n                                grecaptcha.render(element[indexArray[index]], {\n                                    'sitekey': jQuery(el).attr('data-sitekey'),\n                                    'callback': sibVerifyCallback,\n                                });\n                            });\n                        };\n\t\t\t\t\t<\/script>\n\t\t\t\t\t                <script src=\"https:\/\/www.google.com\/recaptcha\/api.js?onload=onloadSibCallbackInvisible&render=explicit\" async defer><\/script>\n\t\t\t\t\n\t\t\t<form id=\"sib_signup_form_3\" method=\"post\" class=\"sib_signup_form\">\n\t\t\t\t<div class=\"sib_loader\" style=\"display:none;\"><img\n\t\t\t\t\t\t\tsrc=\"https:\/\/www.eresrelocation.com\/wp-includes\/images\/spinner.gif\" alt=\"loader\"><\/div>\n\t\t\t\t<input type=\"hidden\" name=\"sib_form_action\" value=\"subscribe_form_submit\">\n\t\t\t\t<input type=\"hidden\" name=\"sib_form_id\" value=\"3\">\n                <input type=\"hidden\" name=\"sib_form_alert_notice\" value=\"Vypl\u0148te pros\u00edm toto pole\">\n                <input type=\"hidden\" name=\"sib_form_invalid_email_notice\" value=\"Zadan\u00e1 e-mailov\u00e1 adresa nen\u00ed platn\u00e1\">\n                <input type=\"hidden\" name=\"sib_security\" value=\"2b27405705\">\n\t\t\t\t<div class=\"sib_signup_box_inside_3\">\n\t\t\t\t\t<div style=\"\/*display:none*\/\" class=\"sib_msg_disp\">\n\t\t\t\t\t<\/div>\n                                            <div id=\"sib_captcha_invisible\" class=\"invi-recaptcha\" data-sitekey=\"6LdTH7MeAAAAAMgcitI_UVl8-EjK2IRDgLojiBa3\"><\/div>\n                    \t\t\t\t\t<div class=\"twocol\">\r\n<p class=\"sib-PRENOM-area\"> \r\n    <label class=\"sib-PRENOM-area\">Jm\u00e9no*<\/label> \r\n    <input type=\"text\" class=\"sib-PRENOM-area\" name=\"PRENOM\" required=\"required\"> \r\n<\/p>\r\n<p class=\"sib-NOM-area\"> \r\n    <label class=\"sib-NOM-area\">P\u0159\u00edjmen\u00ed*<\/label> \r\n    <input type=\"text\" class=\"sib-NOM-area\" name=\"NOM\" required=\"required\"> \r\n<\/p>\r\n<\/div>\r\n<p class=\"sib-email-area\">\r\n    E-mailov\u00e1 adresa*\r\n    <input type=\"email\" class=\"sib-email-area\" name=\"email\" required=\"required\">\r\n<\/p>\r\n\r\n\r\n<p class=\"sib-CONTACT_TYPE-area\"> \r\n    <label class=\"sib-CONTACT_TYPE-area\">Uve\u010fte pros\u00edm, v jak\u00e9m vztahu k n\u00e1m jste*<\/label> \r\n    <div style=\"display:block\"><input type=\"checkbox\" class=\"sib-CONTACT_TYPE-area\" name=\"CONTACT_TYPE[]\" value=\"Partner (RMC\/IMC)\">Partner (RMC\/IMC)<\/div> \r\n    <div style=\"display:block\"><input type=\"checkbox\" class=\"sib-CONTACT_TYPE-area\" name=\"CONTACT_TYPE[]\" value=\"Client\/Prospect\">Klient \/ potenci\u00e1ln\u00ed klient<\/div> \r\n    <div style=\"display:block\"><input type=\"checkbox\" class=\"sib-CONTACT_TYPE-area\" name=\"CONTACT_TYPE[]\" value=\"Other\">Ostatn\u00ed<\/div> \r\n<\/p>\r\n\r\n<p class=\"sib-SUBSCRIPTIONS-area\"> \r\n    <label class=\"sib-SUBSCRIPTIONS-area\">Vyberte, jak\u00e9 informace si p\u0159ejete dost\u00e1vat*<\/label> \r\n    <div style=\"display:block\"><input type=\"checkbox\" class=\"sib-SUBSCRIPTIONS-area\" name=\"SUBSCRIPTIONS[]\" value=\"Newsletter Eres Connect\">Newsletter Eres Connect<\/div> \r\n    <div style=\"display:block\"><input type=\"checkbox\" class=\"sib-SUBSCRIPTIONS-area\" name=\"SUBSCRIPTIONS[]\" value=\"Newsletter o udr\u017eitelnosti\">Newsletter o udr\u017eitelnosti<\/div> \r\n    <div style=\"display:block\"><input type=\"checkbox\" class=\"sib-SUBSCRIPTIONS-area\" name=\"SUBSCRIPTIONS[]\" value=\"Newsletter \u010cesk\u00e1 republika\">Newsletter \u010cesk\u00e1 republika<\/div> \r\n<\/p>\r\n\r\n<p class=\"sib-OK_FOR_PROMOTIONAL_EMAILS-area\"> \r\n<input type=\"hidden\" name=\"OK_FOR_PROMOTIONAL_EMAILS\" value=\"0\"><input type=\"checkbox\" value=\"1\" class=\"sib-OK_FOR_PROMOTIONAL_EMAILS-area\" name=\"OK_FOR_PROMOTIONAL_EMAILS\"> \r\n    <label class=\"sib-OK_FOR_PROMOTIONAL_EMAILS-area\">Souhlas\u00edm s t\u00edm, aby m\u011b spole\u010dnost p\u0159\u00edle\u017eitostn\u011b kontaktovala s marketingov\u00fdmi a obchodn\u00edmi sd\u011blen\u00edmi (nap\u0159. bro\u017eury, novinky o slu\u017eb\u00e1ch, speci\u00e1ln\u00ed nab\u00eddky). <\/label> \r\n  \r\n<\/p>\r\n\r\n<p>\r\n    <input type=\"submit\" id=\"invisible\" class=\"sib-default-btn\" value=\"Odb\u011br\">\r\n<\/p>\r\n\t\t\t\t<\/div>\n\t\t\t<\/form>\n\t\t\t<style>\n\t\t\t\tform#sib_signup_form_3 p.sib-alert-message {\n    padding: 6px 12px;\n    margin-bottom: 20px;\n    border: 1px solid transparent;\n    border-radius: 4px;\n    -webkit-box-sizing: border-box;\n    -moz-box-sizing: border-box;\n    box-sizing: border-box;\n}\nform#sib_signup_form_3 p.sib-alert-message-error {\n    background-color: #f2dede;\n    border-color: #ebccd1;\n    color: #a94442;\n}\nform#sib_signup_form_3 p.sib-alert-message-success {\n    background-color: #dff0d8;\n    border-color: #d6e9c6;\n    color: #3c763d;\n}\nform#sib_signup_form_3 p.sib-alert-message-warning {\n    background-color: #fcf8e3;\n    border-color: #faebcc;\n    color: #8a6d3b;\n}\n\t\t\t<\/style>\n\t\t\t<\/div>\n\t\t\t\t\t\t<\/div>\n\t\t\t\t<\/div>\n\t\t\t\t<\/div>\n\t\t\t\t<\/div>\n\t\t<div class=\"elementor-element elementor-element-17985aa e-con-full e-flex e-con e-child\" data-id=\"17985aa\" data-element_type=\"container\" data-e-type=\"container\">\n\t\t\t\t<div class=\"elementor-element elementor-element-13f3db27 elementor-widget elementor-widget-image\" data-id=\"13f3db27\" data-element_type=\"widget\" data-e-type=\"widget\" data-widget_type=\"image.default\">\n\t\t\t\t<div class=\"elementor-widget-container\">\n\t\t\t\t\t\t\t\t\t\t\t\t\t\t\t<img fetchpriority=\"high\" decoding=\"async\" width=\"657\" height=\"498\" src=\"https:\/\/www.eresrelocation.com\/wp-content\/uploads\/2024\/02\/ventajas-profesionalidad.gif\" class=\"attachment-large size-large wp-image-19152\" alt=\"\" style=\"width:100%;height:75.8%;max-width:657px\" \/>\t\t\t\t\t\t\t\t\t\t\t\t\t\t\t<\/div>\n\t\t\t\t<\/div>\n\t\t\t\t<\/div>\n\t\t\t\t<\/div>\n\t\t\t\t\t<\/div>\n\t\t\t\t<\/div>\n\t\t\t\t<\/div>\n\t\t\t\t<\/div>\n\t\t\t\t<\/div>\n\t\t","protected":false},"excerpt":{"rendered":"<p>Z\u00edskejte nejnov\u011bj\u0161\u00ed informace p\u0159\u00edmo do sv\u00e9 e-mailov\u00e9 schr\u00e1nky! P\u0159ihlaste se k odb\u011bru na\u0161eho m\u011bs\u00ed\u010dn\u00edho newsletteru a z\u00edskejte aktu\u00e1ln\u00ed trendy, novinky a odborn\u00e9 tipy z oblasti glob\u00e1ln\u00ed mobility.<\/p>\n","protected":false},"author":2,"featured_media":0,"parent":0,"menu_order":0,"comment_status":"closed","ping_status":"closed","template":"elementor_header_footer","meta":{"_acf_changed":false,"_mo_disable_npp":"","footnotes":""},"class_list":["post-25643","page","type-page","status-publish","hentry","entry"],"acf":[],"_links":{"self":[{"href":"https:\/\/www.eresrelocation.com\/cs\/wp-json\/wp\/v2\/pages\/25643","targetHints":{"allow":["GET"]}}],"collection":[{"href":"https:\/\/www.eresrelocation.com\/cs\/wp-json\/wp\/v2\/pages"}],"about":[{"href":"https:\/\/www.eresrelocation.com\/cs\/wp-json\/wp\/v2\/types\/page"}],"author":[{"embeddable":true,"href":"https:\/\/www.eresrelocation.com\/cs\/wp-json\/wp\/v2\/users\/2"}],"replies":[{"embeddable":true,"href":"https:\/\/www.eresrelocation.com\/cs\/wp-json\/wp\/v2\/comments?post=25643"}],"version-history":[{"count":7,"href":"https:\/\/www.eresrelocation.com\/cs\/wp-json\/wp\/v2\/pages\/25643\/revisions"}],"predecessor-version":[{"id":25663,"href":"https:\/\/www.eresrelocation.com\/cs\/wp-json\/wp\/v2\/pages\/25643\/revisions\/25663"}],"wp:attachment":[{"href":"https:\/\/www.eresrelocation.com\/cs\/wp-json\/wp\/v2\/media?parent=25643"}],"curies":[{"name":"wp","href":"https:\/\/api.w.org\/{rel}","templated":true}]}}